{"id":46,"date":"2020-12-19T15:05:45","date_gmt":"2020-12-19T15:05:45","guid":{"rendered":"https:\/\/forcefer.com\/wp\/?page_id=46"},"modified":"2021-01-24T18:56:33","modified_gmt":"2021-01-24T18:56:33","slug":"page-2","status":"publish","type":"page","link":"https:\/\/forcefer.com\/wp\/page-2\/","title":{"rendered":"Page"},"content":{"rendered":"<div class=\"\" style=\"\" >\n    \n    <section class=\"u-align-center u-clearfix u-palette-3-dark-1 u-section-2\" id=\"carousel_e5fa\">\n      <div class=\"u-clearfix u-sheet u-valign-middle-xs u-sheet-1\">\n        <blockquote class=\"u-align-center-sm u-align-center-xs u-border-20 u-border-palette-3-base u-custom-font u-font-playfair-display u-text u-text-default u-text-1\">Apresenta\u00e7\u00e3o<\/blockquote>\n        <p class=\"u-align-left u-text u-text-2\">A Forcefer - Engenharia Metalomec\u00e2nica, Lda \u00e9 uma empresa moderna, que usa as mais recentes t\u00e9cnicas e materiais com vista a responder, de forma eficaz, as atuais exig\u00eancias do mercado.<br>\n          <br>A sua \u00e1rea de neg\u00f3cio \u00e9 a constru\u00e7\u00e3o e montagem de estruturas met\u00e1licas, coberturas, serralharia, engenharia metalomec\u00e2nica e constru\u00e7\u00e3o em light steel framing, tradicionalmente designado de a\u00e7o leve (especialmente indicado para constru\u00e7\u00e3o de edif\u00edcios residenciais, unifamiliares, bem como para a reabilita\u00e7\u00e3o de edif\u00edcios antigos).<br>\n          <br>As constru\u00e7\u00f5es met\u00e1licas permitem a elabora\u00e7\u00e3o de diversas combina\u00e7\u00f5es estruturais, possibilitando igualmente a otimiza\u00e7\u00e3o das solu\u00e7\u00f5es de acordo com as necessidades arquitet\u00f3nicas.<br>\n          <br>A Forcefer projeta, desenvolve, produz e constr\u00f3i pavilh\u00f5es inovadores, industriais e agr\u00edcolas, salas de exposi\u00e7\u00f5es, edif\u00edcios comerciais e residenciais, entre outros, tempor\u00e1rios ou permanentes. Concebe constru\u00e7\u00f5es pr\u00e9-fabricadas em a\u00e7o, com in\u00fameras possibilidades de personaliza\u00e7\u00e3o.<br>\n          <br>A empresa distingue-se ainda pela elabora\u00e7\u00e3o de projetos e desenho t\u00e9cnico em estruturas met\u00e1licas, manuten\u00e7\u00e3o e acompanhamento de obra, assegurando aos clientes solu\u00e7\u00f5es adequadas \u00e0s suas necessidades.<br>\n          <br>0 portef\u00f3lio da Forcefer demonstra a capacidade para cumprir objetivos e superar desafios, garantindo a excel\u00eancia em todos os trabalhos que executa.&nbsp;<br>\n        <\/p>\n      <\/div>\n    <\/section>\n    <section class=\"u-align-center u-clearfix u-palette-3-dark-1 u-section-3\" id=\"carousel_91a2\">\n      <div class=\"u-clearfix u-sheet u-valign-middle-xs u-sheet-1\">\n        <blockquote class=\"u-align-center-sm u-align-center-xs u-border-20 u-border-palette-3-base u-custom-font u-font-playfair-display u-text u-text-default u-text-1\">Hist\u00f3ria<\/blockquote>\n        <p class=\"u-align-left u-text u-text-2\">A For\u00e7a do Ferro. <br>\n          <br>\u00c9 esta a imagem de marca da empresa Forcefer\n- Engenharia Metalomec\u00e2nica, Lda., criada em 2013 por\nJos\u00e9 Carlos Pinto Oliveira, Ant\u00f3nio Manuel Pinto Oliveira e Nuno Duarte Pereira da Fonseca, com sede no\nParque Empresarial do Picoto, em Ferreirim, Concelho de Sernancelhe.\nDenotando uma extraordin\u00e1ria capacidade de perceber as necessidades do mercado, a empresa conseguiu\nrapidamente afirmar-se e ganhar mercado.<br>Gra\u00e7as \u00e0 sua performance, a Forcefer mereceu j\u00e1 a visita de uma comitiva da Uni\u00e3o Europeia e da\nComiss\u00e3o de Coordena\u00e7\u00e3o e Desenvolvimento Regional do Norte.<br>Determina\u00e7\u00e3o, capacidade de investir, vis\u00e3o empresarial, apego \u00e0 terra, s\u00e3o carater\u00edsticas distintivas da\ngest\u00e3o da Forcefer, empresa dos mesmos criadores de outras com cr\u00e9ditos firmados, nomeadamente\na\nlnobur, a Moldurbano, a Medipleno, a Agrisun e a Abstrato.<br>Detentores de larga experi\u00eancia no setor da constru\u00e7\u00e3o civil, os fundadores da Forcefer assumiram\no\ndesafio de investirem na engenharia metalomec\u00e2nica e no fabrico de estruturas met\u00e1licas para habita\u00e7\u00e3o,\nagricultura e ind\u00fastria, colmatando uma lacuna regional e nacional, posicionando-se no mercado como\numa refer\u00eancia na qualidade de fabrico, capacidade de executar \u00e0 medida e desejo do cliente e tamb\u00e9m na\nassist\u00eancia t\u00e9cnica p\u00f3s-obra.<br>Com estes atributos, a Forcefer encetou a aposta na exporta\u00e7\u00e3o, nomeadamente para Fran\u00e7a, onde\nexecutou j\u00e1 diversas obras.<br>Inova\u00e7\u00e3o na rela\u00e7\u00e3o com os clientes \u00e9 palavra de ordem na empresa e uma imagem que a Forcefer cultiva\ncomo alicerce de futuro.\n        <\/p>\n      <\/div>\n    <\/section>\n    <section class=\"u-align-center u-clearfix u-palette-3-dark-1 u-section-4\" id=\"carousel_5905\">\n      <div class=\"u-clearfix u-sheet u-valign-middle-xs u-sheet-1\">\n        <blockquote class=\"u-align-center-sm u-align-center-xs u-border-20 u-border-palette-3-base u-custom-font u-font-playfair-display u-text u-text-default u-text-1\">Miss\u00e3o, Vis\u00e3o, Valores<\/blockquote>\n        <p class=\"u-align-left u-text u-text-2\">A miss\u00e3o da Forcefer passa por garantir um servi\u00e7o de qualidade na \u00e1rea da engenharia metalomec\u00e2nica, satisfazendo as necessidades e exig\u00eancias dos seus clientes, sejam empres\u00e1rios, organismos p\u00fablicos ou particulares.<br>\n          <br>A vis\u00e3o da Forcefer \u00e9 trabalhar de forma cont\u00ednua, proporcionando ao cliente uma excelente rela\u00e7\u00e3o qualidade-custo. Para isso desenvolve projetos pensados, estruturados, orientados para os clientes e para o fim que prosseguem, adequando os meios \u00e0s possibilidades e as compet\u00eancias \u00e0s necessidades.<br>\n          <br>Nesse sentido entende como des\u00edgnio contribuir para o aperfei\u00e7oamento e melhoria do mercado do setor metalomec\u00e2nico regional e nacional.<br>\n          <br>A estrutura da Forcefer permite que funcione como um todo, analisando, planeando e executando os mais exigentes e complexos projetos, n\u00e3o descurando o mais \u00ednfimo pormenor. Desta forma, conjugam-se compet\u00eancias e criam-se sinergias na prossecu\u00e7\u00e3o dos seus objetivos concretos: diferenciar-se pela criatividade e pela qualidade, dando sempre uma resposta eficaz \u00e0s necessidades dos seus clientes e do mercado, valorizando as pessoas e as suas atividades, respeitando e contribuindo positivamente para o meio ambiente e por atos de responsabilidade social.&nbsp;<br>\n        <\/p>\n      <\/div>\n    <\/section>\n    <section class=\"u-align-center u-clearfix u-palette-3-dark-1 u-section-5\" id=\"carousel_9a59\">\n      <div class=\"u-clearfix u-sheet u-valign-middle-xs u-sheet-1\">\n        <blockquote class=\"u-align-center-sm u-align-center-xs u-border-20 u-border-palette-3-base u-custom-font u-font-playfair-display u-text u-text-default u-text-1\">Equipa<\/blockquote>\n        <p class=\"u-align-left u-text u-text-2\">A Forcefer corporiza os valores com que pretende projetar-se para o futuro: responsabilidade social e a vontade de dar um impulso expressivo ao setor da metalomec\u00e2nica.<br>\n          <br>Com t\u00e9cnicos de diversas \u00e1reas, em particular da engenharia metalomec\u00e2nica e engenharia civil, tem como objetivo principal prestar um conjunto de servi\u00e7os integrados aos seus clientes, elaborar projetos de qualidade e executar as obras com rigor e profissionalismo.<br>\n          <br>O seu quadro de profissionais \u00e9 constitu\u00eddo por uma equipa jovem, motivada, dispon\u00edvel e empenhada em responder a todas as solicita\u00e7\u00f5es dos clientes. Contando com engenheiros, preparadores de obra, desenhadores, medidores, economista, a Forcefer esta dotada de um conjunto de t\u00e9cnicos de fabrico e prepara\u00e7\u00e3o das estruturas de grande qualidade e com larga experi\u00eancia.<br>\n          <br>Sempre que um projeto requer compet\u00eancias de que a Forcefer n\u00e3o disp\u00f5em internamente, convidam-se para a equipa t\u00e9cnicos que partilhem a mesma forma de abordagem, procurando corresponder na \u00edntegra \u00e0s expetativas dos clientes.&nbsp;<br>\n        <\/p>\n      <\/div>\n    <\/section>\n    <section class=\"u-align-center u-clearfix u-palette-3-dark-1 u-section-6\" id=\"carousel_4ae0\">\n      <div class=\"u-clearfix u-sheet u-valign-middle-xs u-sheet-1\">\n        <blockquote class=\"u-align-center-sm u-align-center-xs u-border-20 u-border-palette-3-base u-custom-font u-font-playfair-display u-text u-text-default u-text-1\">Experi\u00eancia Profissional<\/blockquote>\n        <p class=\"u-align-left u-text u-text-2\">&nbsp; Os trabalhos desenvolvidos pela Forcefer, nas mais diversas \u00e1reas,\nrefletem o posicionamento que a empresa assumiu como orientador da sua estrat\u00e9gia\nde implementa\u00e7\u00e3o no mercado: interatividade, personaliza\u00e7\u00e3o, memoriza\u00e7\u00e3o,\npercetividade e orienta\u00e7\u00e3o para o cliente.<br>\n          <br>A Forcefer procura que a sua atividade seja sin\u00f3nimo de\nseguran\u00e7a, qualidade nos processos, rapidez e capacidade de dar resposta a todo\no tipo de solicita\u00e7\u00f5es, marcas que traduzem o ADN da empresa.&nbsp;&nbsp;<br>\n        <\/p>\n      <\/div>\n    <\/section>\n    \n    \n  \n<\/div>","protected":false},"excerpt":{"rendered":"<p>Apresenta\u00e7\u00e3o A Forcefer &#8211; Engenharia Metalomec\u00e2nica, Lda \u00e9 uma empresa moderna, que usa as mais recentes t\u00e9cnicas e materiais com vista a responder, de forma eficaz, as atuais exig\u00eancias do mercado. A sua \u00e1rea de neg\u00f3cio \u00e9 a constru\u00e7\u00e3o e montagem de estruturas met\u00e1licas, coberturas, serralharia, engenharia metalomec\u00e2nica e constru\u00e7\u00e3o em light steel framing, tradicionalmente [&hellip;]<\/p>\n","protected":false},"author":1,"featured_media":0,"parent":0,"menu_order":0,"comment_status":"closed","ping_status":"closed","template":"","meta":{"footnotes":""},"class_list":["post-46","page","type-page","status-publish","hentry"],"_links":{"self":[{"href":"https:\/\/forcefer.com\/wp\/wp-json\/wp\/v2\/pages\/46","targetHints":{"allow":["GET"]}}],"collection":[{"href":"https:\/\/forcefer.com\/wp\/wp-json\/wp\/v2\/pages"}],"about":[{"href":"https:\/\/forcefer.com\/wp\/wp-json\/wp\/v2\/types\/page"}],"author":[{"embeddable":true,"href":"https:\/\/forcefer.com\/wp\/wp-json\/wp\/v2\/users\/1"}],"replies":[{"embeddable":true,"href":"https:\/\/forcefer.com\/wp\/wp-json\/wp\/v2\/comments?post=46"}],"version-history":[{"count":9,"href":"https:\/\/forcefer.com\/wp\/wp-json\/wp\/v2\/pages\/46\/revisions"}],"predecessor-version":[{"id":88,"href":"https:\/\/forcefer.com\/wp\/wp-json\/wp\/v2\/pages\/46\/revisions\/88"}],"wp:attachment":[{"href":"https:\/\/forcefer.com\/wp\/wp-json\/wp\/v2\/media?parent=46"}],"curies":[{"name":"wp","href":"https:\/\/api.w.org\/{rel}","templated":true}]}}